{"id":99,"date":"2023-12-20T10:59:23","date_gmt":"2023-12-20T10:59:23","guid":{"rendered":"https:\/\/sportschuetzenverein-kritzmow.de\/?page_id=99"},"modified":"2025-04-04T06:43:47","modified_gmt":"2025-04-04T06:43:47","slug":"verein-historie","status":"publish","type":"page","link":"https:\/\/sportschuetzenverein-kritzmow.de\/?page_id=99","title":{"rendered":"Verein &#038; Historie"},"content":{"rendered":"\t\t<div data-elementor-type=\"wp-page\" data-elementor-id=\"99\" class=\"elementor elementor-99\">\n\t\t\t\t<div class=\"elementor-element elementor-element-cbbde7f e-con-full e-flex e-con e-parent\" data-id=\"cbbde7f\" data-element_type=\"container\">\n\t\t<div class=\"elementor-element elementor-element-e34ef25 e-con-full e-flex e-con e-child\" data-id=\"e34ef25\" data-element_type=\"container\" data-settings=\"{&quot;background_background&quot;:&quot;classic&quot;}\">\n\t\t\t\t<div class=\"elementor-element elementor-element-b76a92a elementor-widget__width-initial elementor-widget-tablet__width-initial elementor-widget-mobile__width-initial jltma-glass-effect-no elementor-widget elementor-widget-image\" data-id=\"b76a92a\" data-element_type=\"widget\" data-widget_type=\"image.default\">\n\t\t\t\t<div class=\"elementor-widget-container\">\n\t\t\t\t\t\t\t\t\t\t\t\t\t\t\t<img fetchpriority=\"high\" decoding=\"async\" width=\"204\" height=\"247\" src=\"https:\/\/sportschuetzenverein-kritzmow.de\/wp-content\/uploads\/2023\/12\/Unbenannt.png\" class=\"attachment-large size-large wp-image-67\" alt=\"\" \/>\t\t\t\t\t\t\t\t\t\t\t\t\t\t\t<\/div>\n\t\t\t\t<\/div>\n\t\t<div class=\"elementor-element elementor-element-5c9cc81 e-con-full e-flex e-con e-child\" data-id=\"5c9cc81\" data-element_type=\"container\">\n\t\t<div class=\"elementor-element elementor-element-fb6ed82 e-con-full e-flex e-con e-child\" data-id=\"fb6ed82\" data-element_type=\"container\">\n\t\t\t\t<div class=\"elementor-element elementor-element-f99c10b elementor-widget__width-initial jltma-glass-effect-no elementor-widget elementor-widget-heading\" data-id=\"f99c10b\" data-element_type=\"widget\" data-settings=\"{&quot;_animation&quot;:&quot;none&quot;}\" data-widget_type=\"heading.default\">\n\t\t\t\t<div class=\"elementor-widget-container\">\n\t\t\t\t\t<h1 class=\"elementor-heading-title elementor-size-xxl\">Sportsch\u00fctzenverein Kritzmow 1991 e.V.<\/h1>\t\t\t\t<\/div>\n\t\t\t\t<\/div>\n\t\t\t\t<div class=\"elementor-element elementor-element-a74b994 elementor-widget__width-initial jltma-glass-effect-no elementor-widget elementor-widget-heading\" data-id=\"a74b994\" data-element_type=\"widget\" data-settings=\"{&quot;_animation&quot;:&quot;none&quot;}\" data-widget_type=\"heading.default\">\n\t\t\t\t<div class=\"elementor-widget-container\">\n\t\t\t\t\t<h1 class=\"elementor-heading-title elementor-size-xl\">Verein &amp; Historie<\/h1>\t\t\t\t<\/div>\n\t\t\t\t<\/div>\n\t\t\t\t<\/div>\n\t\t\t\t<\/div>\n\t\t<div class=\"elementor-element elementor-element-c83d3b2 e-con-full e-flex e-con e-child\" data-id=\"c83d3b2\" data-element_type=\"container\">\n\t\t\t\t<div class=\"elementor-element elementor-element-52edc47 elementor-widget__width-initial elementor-widget-tablet__width-initial elementor-widget-mobile__width-initial jltma-glass-effect-no elementor-widget elementor-widget-image\" data-id=\"52edc47\" data-element_type=\"widget\" data-widget_type=\"image.default\">\n\t\t\t\t<div class=\"elementor-widget-container\">\n\t\t\t\t\t\t\t\t\t\t\t\t\t\t\t<img decoding=\"async\" width=\"175\" height=\"220\" src=\"https:\/\/sportschuetzenverein-kritzmow.de\/wp-content\/uploads\/2023\/12\/Wappen-1.jpg\" class=\"attachment-large size-large wp-image-107\" alt=\"\" \/>\t\t\t\t\t\t\t\t\t\t\t\t\t\t\t<\/div>\n\t\t\t\t<\/div>\n\t\t\t\t<\/div>\n\t\t<div class=\"elementor-element elementor-element-8e0b8c2 e-con-full e-flex e-con e-child\" data-id=\"8e0b8c2\" data-element_type=\"container\">\n\t\t\t\t<div class=\"elementor-element elementor-element-96e3f89 elementor-widget__width-initial jltma-glass-effect-no elementor-widget elementor-widget-image\" data-id=\"96e3f89\" data-element_type=\"widget\" data-widget_type=\"image.default\">\n\t\t\t\t<div class=\"elementor-widget-container\">\n\t\t\t\t\t\t\t\t\t\t\t\t\t\t\t<img decoding=\"async\" width=\"2560\" height=\"1077\" src=\"https:\/\/sportschuetzenverein-kritzmow.de\/wp-content\/uploads\/2025\/04\/Verein-2025-scaled.jpg\" class=\"attachment-full size-full wp-image-1921\" alt=\"\" srcset=\"https:\/\/sportschuetzenverein-kritzmow.de\/wp-content\/uploads\/2025\/04\/Verein-2025-scaled.jpg 2560w, https:\/\/sportschuetzenverein-kritzmow.de\/wp-content\/uploads\/2025\/04\/Verein-2025-300x126.jpg 300w, https:\/\/sportschuetzenverein-kritzmow.de\/wp-content\/uploads\/2025\/04\/Verein-2025-1024x431.jpg 1024w, https:\/\/sportschuetzenverein-kritzmow.de\/wp-content\/uploads\/2025\/04\/Verein-2025-768x323.jpg 768w, https:\/\/sportschuetzenverein-kritzmow.de\/wp-content\/uploads\/2025\/04\/Verein-2025-1536x646.jpg 1536w, https:\/\/sportschuetzenverein-kritzmow.de\/wp-content\/uploads\/2025\/04\/Verein-2025-2048x862.jpg 2048w, https:\/\/sportschuetzenverein-kritzmow.de\/wp-content\/uploads\/2025\/04\/Verein-2025-1568x660.jpg 1568w\" sizes=\"(max-width: 2560px) 100vw, 2560px\" \/>\t\t\t\t\t\t\t\t\t\t\t\t\t\t\t<\/div>\n\t\t\t\t<\/div>\n\t\t\t\t<\/div>\n\t\t<div class=\"elementor-element elementor-element-2a4bdc6 e-con-full e-flex e-con e-child\" data-id=\"2a4bdc6\" data-element_type=\"container\">\n\t\t\t\t<div class=\"elementor-element elementor-element-ded550c jltma-menu-alignment-mobile-flex-start jltma-dropdown-breakpoints-mobile jltma-dropdown-absolute-yes jltma-menu-alignment-center jltma-icon-position-right jltma-dropdown-align-flex-start jltma-toggle-view-stacked jltma-main-menu-item-border-type-default jltma-dropdown-border-type-default jltma-dropdown-main-level-border-type-default jltma-dropdown-item-border-type-default jltma-pointer-none jltma-glass-effect-no elementor-widget elementor-widget-ma-navmenu\" data-id=\"ded550c\" data-element_type=\"widget\" data-settings=\"{&quot;dropdown_breakpoints&quot;:&quot;mobile&quot;,&quot;layout&quot;:&quot;horizontal&quot;}\" data-widget_type=\"ma-navmenu.default\">\n\t\t\t\t<div class=\"elementor-widget-container\">\n\t\t\t\t\t<nav class=\"jltma-nav-menu__main jltma-nav-menu__container default-main-icon-hide  jltma-layout-horizontal\" data-icon-main=\"fas fa-chevron-down\" data-icon-sub=\"\"><ul id=\"menu-1-ded550c\" class=\"jltma-nav-menu__container-inner\"><li id=\"menu-item-241\" class=\"menu-item menu-item-type-post_type menu-item-object-page menu-item-home menu-item-241\"><a href=\"https:\/\/sportschuetzenverein-kritzmow.de\/\" class=\"jltma-nav-menu__dropdown-item jltma-nav-menu__item-link-top\">Startseite<span class=\"jltma-animation\"><\/span><\/a><\/li>\n<li id=\"menu-item-243\" class=\"menu-item menu-item-type-post_type menu-item-object-page menu-item-243\"><a href=\"https:\/\/sportschuetzenverein-kritzmow.de\/?page_id=9\" class=\"jltma-nav-menu__dropdown-item jltma-nav-menu__item-link-top\">Jugend<span class=\"jltma-animation\"><\/span><\/a><\/li>\n<li id=\"menu-item-291\" class=\"menu-item menu-item-type-post_type menu-item-object-page menu-item-291\"><a href=\"https:\/\/sportschuetzenverein-kritzmow.de\/?page_id=289\" class=\"jltma-nav-menu__dropdown-item jltma-nav-menu__item-link-top\">BDS MG SSVK<span class=\"jltma-animation\"><\/span><\/a><\/li>\n<li id=\"menu-item-445\" class=\"menu-item menu-item-type-post_type menu-item-object-page menu-item-445\"><a href=\"https:\/\/sportschuetzenverein-kritzmow.de\/?page_id=443\" class=\"jltma-nav-menu__dropdown-item jltma-nav-menu__item-link-top\">Bilder<span class=\"jltma-animation\"><\/span><\/a><\/li>\n<li id=\"menu-item-346\" class=\"menu-item menu-item-type-post_type menu-item-object-page menu-item-346\"><a href=\"https:\/\/sportschuetzenverein-kritzmow.de\/?page_id=99\" class=\"jltma-nav-menu__dropdown-item jltma-nav-menu__item-link-top\">Verein &#038; Historie<span class=\"jltma-animation\"><\/span><\/a><\/li>\n<li id=\"menu-item-260\" class=\"menu-item menu-item-type-post_type menu-item-object-page menu-item-260\"><a href=\"https:\/\/sportschuetzenverein-kritzmow.de\/?page_id=80\" class=\"jltma-nav-menu__dropdown-item jltma-nav-menu__item-link-top\">Impressum\/Datenschutz<span class=\"jltma-animation\"><\/span><\/a><\/li>\n<li id=\"menu-item-1566\" class=\"menu-item menu-item-type-post_type menu-item-object-page menu-item-1566\"><a href=\"https:\/\/sportschuetzenverein-kritzmow.de\/?page_id=1467\" class=\"jltma-nav-menu__dropdown-item jltma-nav-menu__item-link-top\">K\u00f6nigspaare &#038; Ehrenmitglieder<span class=\"jltma-animation\"><\/span><\/a><\/li>\n<li id=\"menu-item-1933\" class=\"menu-item menu-item-type-post_type menu-item-object-page menu-item-1933\"><a href=\"https:\/\/sportschuetzenverein-kritzmow.de\/?page_id=1669\" class=\"jltma-nav-menu__dropdown-item jltma-nav-menu__item-link-top\">Ergebnisse<span class=\"jltma-animation\"><\/span><\/a><\/li>\n<\/ul><\/nav><div class=\"jltma-nav-menu__toggle-container jltma-layout-horizontal jltma-menu-dropdown-type-\"><div class=\"jltma-nav-menu__toggle\"><span class=\"jltma-toggle-icon\"><i class=\"eicon-menu-bar\"><\/i><\/span><span class=\"jltma-toggle-icon-active\"><i class=\"eicon-close\"><\/i><\/span><\/div><\/div><nav class=\"jltma-nav-menu__dropdown jltma-nav-menu__container jltma-layout-horizontal jltma-menu-dropdown-type- jltma-arrow-animation-\" data-icon-sub=\"\"><ul id=\"jltma_menu-4-ded550c\" class=\"jltma-nav-menu__container-inner jltma-nav-menu-dropdown\"><li class=\"menu-item menu-item-type-post_type menu-item-object-page menu-item-home menu-item-241\"><a href=\"https:\/\/sportschuetzenverein-kritzmow.de\/\">Startseite<\/a><\/li>\n<li class=\"menu-item menu-item-type-post_type menu-item-object-page menu-item-243\"><a href=\"https:\/\/sportschuetzenverein-kritzmow.de\/?page_id=9\">Jugend<\/a><\/li>\n<li class=\"menu-item menu-item-type-post_type menu-item-object-page menu-item-291\"><a href=\"https:\/\/sportschuetzenverein-kritzmow.de\/?page_id=289\">BDS MG SSVK<\/a><\/li>\n<li class=\"menu-item menu-item-type-post_type menu-item-object-page menu-item-445\"><a href=\"https:\/\/sportschuetzenverein-kritzmow.de\/?page_id=443\">Bilder<\/a><\/li>\n<li class=\"menu-item menu-item-type-post_type menu-item-object-page menu-item-346\"><a href=\"https:\/\/sportschuetzenverein-kritzmow.de\/?page_id=99\">Verein &#038; Historie<\/a><\/li>\n<li class=\"menu-item menu-item-type-post_type menu-item-object-page menu-item-260\"><a href=\"https:\/\/sportschuetzenverein-kritzmow.de\/?page_id=80\">Impressum\/Datenschutz<\/a><\/li>\n<li class=\"menu-item menu-item-type-post_type menu-item-object-page menu-item-1566\"><a href=\"https:\/\/sportschuetzenverein-kritzmow.de\/?page_id=1467\">K\u00f6nigspaare &#038; Ehrenmitglieder<\/a><\/li>\n<li class=\"menu-item menu-item-type-post_type menu-item-object-page menu-item-1933\"><a href=\"https:\/\/sportschuetzenverein-kritzmow.de\/?page_id=1669\">Ergebnisse<\/a><\/li>\n<\/ul><\/nav>\t\t\t\t<\/div>\n\t\t\t\t<\/div>\n\t\t\t\t<\/div>\n\t\t\t\t<\/div>\n\t\t\t\t<\/div>\n\t\t<div class=\"elementor-element elementor-element-caaabb9 e-con-full e-flex e-con e-parent\" data-id=\"caaabb9\" data-element_type=\"container\">\n\t\t\t\t<div class=\"elementor-element elementor-element-702df6c jltma-glass-effect-no elementor-widget elementor-widget-heading\" data-id=\"702df6c\" data-element_type=\"widget\" data-widget_type=\"heading.default\">\n\t\t\t\t<div class=\"elementor-widget-container\">\n\t\t\t\t\t<h2 class=\"elementor-heading-title elementor-size-default\">Unser Verein und seine Geschichte<\/h2>\t\t\t\t<\/div>\n\t\t\t\t<\/div>\n\t\t\t\t<div class=\"elementor-element elementor-element-ed24f32 jltma-glass-effect-no elementor-widget elementor-widget-text-editor\" data-id=\"ed24f32\" data-element_type=\"widget\" data-widget_type=\"text-editor.default\">\n\t\t\t\t<div class=\"elementor-widget-container\">\n\t\t\t\t\t\t\t\t\t<p>In Warnem\u00fcnde formierten sich nach Herstellung der Deutschen Einheit Sportsch\u00fctzen und interessierte Anh\u00e4nger des Schie\u00dfsportes zum Warnem\u00fcnder Sch\u00fctzenverein 1991 e.V. Die Schie\u00dfst\u00e4tte in Kritzmow (Trainingszentrum von Dynamo-Nord der ehemaligen DDR) und die Anlage f\u00fcr Luftdruckwaffen auf dem Gel\u00e4nde des Zollamtes in Warnem\u00fcnde dienten als Trainingsorte der Sportsch\u00fctzen. Die Gr\u00fcndung des Warnem\u00fcnder Sch\u00fctzenvereins erfolgte am 27.09.1991.<\/p><p>\u00a0<\/p><p>Zur Freude aller Mitglieder konnten wir, im Juli 1994, die Weihe unserer Vereinsfahne vornehmen. Zu dieser Veranstaltung nahmen zahlreiche Sch\u00fctzenvereine der neuen und alten Bundesl\u00e4nder teil.<\/p><p>\u00a0<\/p><p>Neben Leistungssch\u00fctzen des Trainingszentrums NORD wurden Jugend-, Frauen- und Seniorengruppen gebildet. Heute verf\u00fcgt der Verein \u00fcber 161 Mitglieder. In den Anfangsjahren war der Anteil von Kindern und Jugendlichen am gesamten Vereinsleben erfreulich hoch. Gern erinnern wir uns an die Jugendferienlager in Karlshagen, die Zeltlager in Graal-M\u00fcritz und an den Wettkampf zur Erringung des Peterm\u00e4nnchen-Pokals. Die Jugend-Sportspiele in MV wurden durch unsere Aktiven mit viel Freude gemeistert. Nach wie vor ist die langj\u00e4hrige Teilnahme am Bremer Marathon-Schie\u00dfen ein sportlicher H\u00f6hepunkt.<\/p><p>\u00a0<\/p><p>Erfolgreich gestaltete sich die Patenschaftsarbeit in den ersten Jahren unserer Vereinsentwicklung. Der Patenschaftsvertrag, abgeschlossen im Juni 1992, mit dem Sch\u00fctzenkreis Bremerhaven e.V. war Ausdruck einer erfolgreichen Arbeit, welche sich auch bei den h\u00e4ufigen Schie\u00dfsportveranstaltungen im Kinder- und Jugendbereich in Bremerhaven, Geestem\u00fcnde, Elmshorn, Warnem\u00fcnde, Demmin und Ludwigslust widerspiegelte.<\/p><p>\u00a0<\/p><p>Die Schie\u00dfst\u00e4tte des WSV 1991 e.V. in Kritzmow ist unsere Heimstatt. Hier spielt sich das schie\u00dfsportliche und breit gef\u00e4cherte Vereinsleben ab. Durch die flei\u00dfige Arbeit aller Vereinsmitglieder konnte diese Anlage zu einer anspruchsvollen Sportst\u00e4tte f\u00fcr das Schie\u00dfen mit Luftdruck- und Kleinkaliberwaffen ausgebaut werden. Mit viel Liebe und Ideenreichtum wurde unser Vereinshaus mit Terrasse weiter vervollkommnet. Neben den Kleinkaliber-Gewehr- und Pistolenst\u00e4nden existiert eine Anlage f\u00fcr Duellschie\u00dfen (Pistole) sowie Biathlon-Schu\u00dfbahnen. Ein beheizbarer Raum mit Luftdruckschie\u00dfst\u00e4nden wurde ebenfalls mit hohem Engagement durch unsere Mitglieder neu geschaffen.<\/p><p>\u00a0<\/p><p>Die Sch\u00fctzen unseres Vereins trainieren regelm\u00e4\u00dfig nach den Sportordnungen des DSB,<b>\u00a0<\/b>BDMP und BDS<b>.<\/b>\u00a0Traditionell f\u00fchren wir bereits \u00fcber mehrere Jahre \u00d6ffentliche Preisschie\u00dfen, mit Kleinkalibergewehren und<b>\u00a0<\/b>Zielfernrohr, erfolgreich durch.<\/p><p>\u00a0<\/p><p>Bei den unterschiedlichsten Schie\u00dfsportwettk\u00e4mpfen erreichten wir \u00fcber Jahre gute sportliche Erfolge. Hohe Qualifikationsstufen wurden erzielt. Zweimal konnten wir bisher an den Deutschen Meisterschaften in M\u00fcnchen teilnehmen. Eine beachtliche Anzahl von Urkunden und Pokalen wurden erk\u00e4mpft. Darunter befinden sich solche begehrten Titel und Pokale wie z. B. Landes- und Kreismeister, Pokal der Deutschen Einheit, Hanse- und Gothaer Pokal, sowie der Neujahrespokal. Gro\u00dfen\u00a0 Anreiz f\u00fcr unsere schie\u00dfsportlichen T\u00e4tigkeiten bieten die j\u00e4hrlichen Vereinsmeisterschaften, der Kampf um den Titel \u201eJahresbester\u201c, sowie die Teilnahme unserer Seniorinnen und Senioren an den Seniorensportspielen des Landes MV, und die Beteiligung unseres Vereins am Nachtschie\u00dfen\u00a0 in Neubukow.<\/p><p>\u00a0<\/p><p>Neben der sportlichen T\u00e4tigkeit organisieren wir f\u00fcr alle Mitglieder und G\u00e4ste<b>\u00a0<\/b>ein breit gef\u00e4chertes Vereinsleben. So beteiligten wir uns jahrelang an der Warnem\u00fcnder Woche und am Warnm\u00fcnder Umgang. Unsere Repr\u00e4sentationsgruppe kam zur Er\u00f6ffnung bei gesellschaftlichen H\u00f6hepunkten durch Salutsch\u00fcsse zum\u00a0 Einsatz. Wir waren ebenfalls bei Schiffstaufen in Waren M\u00fcritz und anderen Anl\u00e4ssen in gleicher Weise pr\u00e4sent.<\/p><p>\u00a0<\/p><p>Im Verein ermitteln wir bis 2009 die Maik\u00f6nige. Traditionell wird jedes Jahr das K\u00f6nigsadlerschie\u00dfen durchgef\u00fchrt. Im Ergebnis dessen gibt es jedes Jahr im Verein eine Sch\u00fctzenk\u00f6nigin und einen Sch\u00fctzenk\u00f6nig und deren Gefolge. Am Tage des Vereinsk\u00f6nigsschie\u00dfen folgt ein z\u00fcnftiger Sch\u00fctzenball.<\/p><p>\u00a0<\/p><p>Als eine bew\u00e4hrte sportliche Ma\u00dfnahme werden \u00fcber mehrere Monate im Jahr in den KK- Gewehr- und Pistolendisziplinen die Titel ,,Jahresbester\u201c erk\u00e4mpft. Das Vereinsleben wird weiterhin bereichert durch Neujahres- und Osterschie\u00dfen, Himmelfahrtsschie\u00dfen mit Grillparty, Paarschie\u00dfen und weitere Spa\u00dfschie\u00dfen. Unsere Sch\u00fctzendamen sind aktiv bei der Organisation und Durchf\u00fchrung eines monatlichen ,,Kaffeeklatsches\u201c. Weiterhin werden Schie\u00dfwettbewerbe, zum Beispiel die Ermittlung der Siegerin des Fr\u00fchlingspokals, der Rosen- und Eisk\u00f6nigin und eine feierliche Weihnachtsfeier organisiert.<\/p><p>\u00a0<\/p><p>Unser Sportsch\u00fctzenverein ist bem\u00fcht \u00f6ffentlich wirksam aufzutreten. So beteiligten wir uns\u00a0 bei Gemeindeveranstaltungen in der Gemeinde Kritzmow durch Luftgewehr- und Armbrustschie\u00dfst\u00e4nde. Im Rahmen von Schulveranstaltungen in Rostock und Kritzmow stellten wir unseren Verein auf\u00a0 Schautafeln vor und halfen in Form von Trainern\/Aufsichten bei schie\u00dfsportlichen Wettbewerben, sowie durch schie\u00dfsportliche \u00dcbungen mit\u00a0 Lichtpunktger\u00e4ten.<\/p><p>\u00a0<\/p><p>Schie\u00dfsportlich Gro\u00dfveranstaltungen unter Einbeziehung der \u00d6ffentlichkeit sowie anderer Vereine, Verb\u00e4nde erfreuen sich zunehmender Beliebtheit. Ab dem Jahre 2006 f\u00fchren wir j\u00e4hrlich den Kritzmower Sniper-Tag\u00a0 (Schie\u00dfen KK-Gewehre mit Zielfernrohr) durch. Neu ins Leben gerufen wurde ein Armbrustschie\u00dfen der Gemeinde Kritzmow.<\/p><p>\u00a0<\/p><p>Aufgrund der Tatsache, dass das Vereinsgel\u00e4nde auf dem Gebiet der Gemeinde Kritzmow liegt, gab es in der Vergangenheit eine zunehmend engere Zusammenarbeit mit dem Gemeinderat und seinem B\u00fcrgermeister, und bei Veranstaltungen in der Gemeinde.<\/p><p>\u00a0<\/p><p>Diese konstruktive Zusammenarbeit gipfelte am 07.03.2010\u00a0 in der Umbenennung unseres Vereins in<\/p><p>\u00a0<\/p><p><strong>\u00a0 \u00a0 \u00a0 \u00a0 \u00a0 \u00a0 \u00a0 \u00a0 \u00a0 \u00a0 \u00a0 \u00a0 \u00a0 \u00a0 \u00a0 \u00a0 \u00a0 \u00a0,,Sportsch\u00fctzenverein Kritzmow 1991 e.V.\u201c.<\/strong><\/p>\t\t\t\t\t\t\t\t<\/div>\n\t\t\t\t<\/div>\n\t\t\t\t<\/div>\n\t\t\t\t<\/div>\n\t\t","protected":false},"excerpt":{"rendered":"<p>Sportsch\u00fctzenverein Kritzmow 1991 e.V. Verein &amp; Historie Unser Verein und seine Geschichte In Warnem\u00fcnde formierten sich nach Herstellung der Deutschen Einheit Sportsch\u00fctzen und interessierte Anh\u00e4nger des Schie\u00dfsportes zum Warnem\u00fcnder Sch\u00fctzenverein 1991 e.V. Die Schie\u00dfst\u00e4tte in Kritzmow (Trainingszentrum von Dynamo-Nord der ehemaligen DDR) und die Anlage f\u00fcr Luftdruckwaffen auf dem Gel\u00e4nde des Zollamtes in Warnem\u00fcnde dienten<a class=\"more-link\" href=\"https:\/\/sportschuetzenverein-kritzmow.de\/?page_id=99\"><span class=\"screen-reader-text\">&#8222;Verein &#038; Historie&#8220;<\/span> weiterlesen<\/a><\/p>\n","protected":false},"author":1,"featured_media":0,"parent":0,"menu_order":0,"comment_status":"closed","ping_status":"closed","template":"elementor_header_footer","meta":{"footnotes":""},"class_list":["post-99","page","type-page","status-publish","hentry","entry"],"_links":{"self":[{"href":"https:\/\/sportschuetzenverein-kritzmow.de\/index.php?rest_route=\/wp\/v2\/pages\/99","targetHints":{"allow":["GET"]}}],"collection":[{"href":"https:\/\/sportschuetzenverein-kritzmow.de\/index.php?rest_route=\/wp\/v2\/pages"}],"about":[{"href":"https:\/\/sportschuetzenverein-kritzmow.de\/index.php?rest_route=\/wp\/v2\/types\/page"}],"author":[{"embeddable":true,"href":"https:\/\/sportschuetzenverein-kritzmow.de\/index.php?rest_route=\/wp\/v2\/users\/1"}],"replies":[{"embeddable":true,"href":"https:\/\/sportschuetzenverein-kritzmow.de\/index.php?rest_route=%2Fwp%2Fv2%2Fcomments&post=99"}],"version-history":[{"count":55,"href":"https:\/\/sportschuetzenverein-kritzmow.de\/index.php?rest_route=\/wp\/v2\/pages\/99\/revisions"}],"predecessor-version":[{"id":1945,"href":"https:\/\/sportschuetzenverein-kritzmow.de\/index.php?rest_route=\/wp\/v2\/pages\/99\/revisions\/1945"}],"wp:attachment":[{"href":"https:\/\/sportschuetzenverein-kritzmow.de\/index.php?rest_route=%2Fwp%2Fv2%2Fmedia&parent=99"}],"curies":[{"name":"wp","href":"https:\/\/api.w.org\/{rel}","templated":true}]}}